{"id":2865,"date":"2024-11-18T22:41:52","date_gmt":"2024-11-19T04:41:52","guid":{"rendered":"https:\/\/fundacioncbz.org\/?page_id=2865"},"modified":"2024-11-19T11:56:05","modified_gmt":"2024-11-19T17:56:05","slug":"testimonios","status":"publish","type":"page","link":"https:\/\/fundacioncbz.org\/en\/testimonios\/","title":{"rendered":"Testimonials"},"content":{"rendered":"<div data-elementor-type=\"wp-page\" data-elementor-id=\"2865\" class=\"elementor elementor-2865\">\n\t\t\t\t\t\t<section class=\"elementor-section elementor-top-section elementor-element elementor-element-667f3bd elementor-section-boxed elementor-section-height-default elementor-section-height-default\" data-id=\"667f3bd\" data-element_type=\"section\" data-e-type=\"section\">\n\t\t\t\t\t\t<div class=\"elementor-container elementor-column-gap-default\">\n\t\t\t\t\t<div class=\"elementor-column elementor-col-100 elementor-top-column elementor-element elementor-element-af83907\" data-id=\"af83907\" data-element_type=\"column\" data-e-type=\"column\">\n\t\t\t<div class=\"elementor-widget-wrap elementor-element-populated\">\n\t\t\t\t\t\t<div class=\"elementor-element elementor-element-a3198aa elementor-widget elementor-widget-spacer\" data-id=\"a3198aa\" data-element_type=\"widget\" data-e-type=\"widget\" data-widget_type=\"spacer.default\">\n\t\t\t\t<div class=\"elementor-widget-container\">\n\t\t\t\t\t\t\t<div class=\"elementor-spacer\">\n\t\t\t<div class=\"elementor-spacer-inner\"><\/div>\n\t\t<\/div>\n\t\t\t\t\t\t<\/div>\n\t\t\t\t<\/div>\n\t\t\t\t\t<\/div>\n\t\t<\/div>\n\t\t\t\t\t<\/div>\n\t\t<\/section>\n\t\t\t\t<section class=\"elementor-section elementor-top-section elementor-element elementor-element-95c5520 elementor-section-full_width elementor-section-stretched elementor-section-height-default elementor-section-height-default\" data-id=\"95c5520\" data-element_type=\"section\" data-e-type=\"section\" data-settings=\"{&quot;stretch_section&quot;:&quot;section-stretched&quot;,&quot;background_background&quot;:&quot;classic&quot;}\">\n\t\t\t\t\t\t<div class=\"elementor-container elementor-column-gap-no\">\n\t\t\t\t\t<div class=\"elementor-column elementor-col-100 elementor-top-column elementor-element elementor-element-54c52d8\" data-id=\"54c52d8\" data-element_type=\"column\" data-e-type=\"column\">\n\t\t\t<div class=\"elementor-widget-wrap elementor-element-populated\">\n\t\t\t\t\t\t<div class=\"elementor-element elementor-element-b241b5e elementor-widget elementor-widget-heading\" data-id=\"b241b5e\" data-element_type=\"widget\" data-e-type=\"widget\" data-widget_type=\"heading.default\">\n\t\t\t\t<div class=\"elementor-widget-container\">\n\t\t\t\t\t<h1 class=\"elementor-heading-title elementor-size-xxl\">Testimonials<\/h1>\t\t\t\t<\/div>\n\t\t\t\t<\/div>\n\t\t\t\t\t<\/div>\n\t\t<\/div>\n\t\t\t\t\t<\/div>\n\t\t<\/section>\n\t\t\t\t<section class=\"elementor-section elementor-top-section elementor-element elementor-element-b672a86 elementor-section-boxed elementor-section-height-default elementor-section-height-default\" data-id=\"b672a86\" data-element_type=\"section\" data-e-type=\"section\">\n\t\t\t\t\t\t<div class=\"elementor-container elementor-column-gap-default\">\n\t\t\t\t\t<div class=\"elementor-column elementor-col-100 elementor-top-column elementor-element elementor-element-e0443dc\" data-id=\"e0443dc\" data-element_type=\"column\" data-e-type=\"column\">\n\t\t\t<div class=\"elementor-widget-wrap elementor-element-populated\">\n\t\t\t\t\t\t<div class=\"elementor-element elementor-element-1b93612 elementor-widget elementor-widget-testimonial\" data-id=\"1b93612\" data-element_type=\"widget\" data-e-type=\"widget\" data-widget_type=\"testimonial.default\">\n\t\t\t\t<div class=\"elementor-widget-container\">\n\t\t\t\t\t\t\t<div class=\"elementor-testimonial-wrapper\">\n\t\t\t\t\t\t\t<div class=\"elementor-testimonial-content\">My family and I have been going through some tough financial issues for a while now. This started around high school, as most of these problems stemmed from the pandemic. As a student, my dream of becoming a physician had been going on strong for years, and since college was getting closer and closer, I desired to pursue my desire in the Tecnol\u00f3gico de Monterrey, the institution I\u2019ve been in before university itself. But my college tuition just made these issues grow biggen, and it seemed like everything was closing in on me; I felt hopeless. However, this foundation gave me every bit of my spirit back. The people in charge are truly concerned about academic achievements just as much as for your wellbeing as a great student. Concepci\u00f3n Bueno Ziri\u00f3n Foundation\u2019s aim for helping ambitious and dedicated students in order to be able to thrive within their academic field is beautiful and passionate. I\u2019m currently in my third year of undergrad and I\u2019ve never felt as supported as I do thanks to their help. It gave me back the joy I missed, and now, I\u2019m witnessing the best I have to offer as a future clinician.<\/div>\n\t\t\t\n\t\t\t\t\t\t<div class=\"elementor-testimonial-meta\">\n\t\t\t\t<div class=\"elementor-testimonial-meta-inner\">\n\t\t\t\t\t\n\t\t\t\t\t\t\t\t\t\t<div class=\"elementor-testimonial-details\">\n\t\t\t\t\t\t\t\t\t\t\t\t\t\t<div class=\"elementor-testimonial-name\">Diego<\/div>\n\t\t\t\t\t\t\t\t\t\t\t\t\t\t\t\t\t\t\t\t\t\t<div class=\"elementor-testimonial-job\">Estudiante de Medicinca<br>TEC de Monterrey<\/div>\n\t\t\t\t\t\t\t\t\t\t\t\t\t<\/div>\n\t\t\t\t\t\t\t\t\t<\/div>\n\t\t\t<\/div>\n\t\t\t\t\t<\/div>\n\t\t\t\t\t\t<\/div>\n\t\t\t\t<\/div>\n\t\t\t\t<div class=\"elementor-element elementor-element-6789e12 elementor-widget elementor-widget-spacer\" data-id=\"6789e12\" data-element_type=\"widget\" data-e-type=\"widget\" data-widget_type=\"spacer.default\">\n\t\t\t\t<div class=\"elementor-widget-container\">\n\t\t\t\t\t\t\t<div class=\"elementor-spacer\">\n\t\t\t<div class=\"elementor-spacer-inner\"><\/div>\n\t\t<\/div>\n\t\t\t\t\t\t<\/div>\n\t\t\t\t<\/div>\n\t\t\t\t<div class=\"elementor-element elementor-element-8200dac elementor-widget elementor-widget-testimonial\" data-id=\"8200dac\" data-element_type=\"widget\" data-e-type=\"widget\" data-widget_type=\"testimonial.default\">\n\t\t\t\t<div class=\"elementor-widget-container\">\n\t\t\t\t\t\t\t<div class=\"elementor-testimonial-wrapper\">\n\t\t\t\t\t\t\t<div class=\"elementor-testimonial-content\">La Fundaci\u00f3n Concepci\u00f3n Bueno y Ziri\u00f3n me dio la oportunidad de terminar misestudios, ysiempre llevar\u00e9 ese apoyo en mi coraz\u00f3n. Ellos son la prueba m\u00e1s grande de que Dios obra atrav\u00e9s de las personas, brind\u00e1ndome esperanza y la posibilidad de cumplir mis sue\u00f1os cuandom\u00e1s lo necesitaba. Su generosidad no solo me permiti\u00f3 completar mi educaci\u00f3n, sino tambi\u00e9ndar los primeros pasos en mi vida profesional, algo por lo que estar\u00e9 eternamente agradecida.El apoyo que recib\u00ed de la fundaci\u00f3n es un ejemplo que espero poder replicar en el futuro,ayudando a una estudiante como yo a alcanzar sus metas y transformar su vida.<\/div>\n\t\t\t\n\t\t\t\t\t\t<div class=\"elementor-testimonial-meta\">\n\t\t\t\t<div class=\"elementor-testimonial-meta-inner\">\n\t\t\t\t\t\n\t\t\t\t\t\t\t\t\t\t<div class=\"elementor-testimonial-details\">\n\t\t\t\t\t\t\t\t\t\t\t\t\t\t<div class=\"elementor-testimonial-name\">Ana Paula<\/div>\n\t\t\t\t\t\t\t\t\t\t\t\t\t\t\t\t\t\t\t\t\t\t<div class=\"elementor-testimonial-job\">Estudiante de Comunicaci\u00f3n<br>Universidad Anahuac<\/div>\n\t\t\t\t\t\t\t\t\t\t\t\t\t<\/div>\n\t\t\t\t\t\t\t\t\t<\/div>\n\t\t\t<\/div>\n\t\t\t\t\t<\/div>\n\t\t\t\t\t\t<\/div>\n\t\t\t\t<\/div>\n\t\t\t\t<div class=\"elementor-element elementor-element-6b72ee2 elementor-widget elementor-widget-spacer\" data-id=\"6b72ee2\" data-element_type=\"widget\" data-e-type=\"widget\" data-widget_type=\"spacer.default\">\n\t\t\t\t<div class=\"elementor-widget-container\">\n\t\t\t\t\t\t\t<div class=\"elementor-spacer\">\n\t\t\t<div class=\"elementor-spacer-inner\"><\/div>\n\t\t<\/div>\n\t\t\t\t\t\t<\/div>\n\t\t\t\t<\/div>\n\t\t\t\t<div class=\"elementor-element elementor-element-f003a28 elementor-widget elementor-widget-testimonial\" data-id=\"f003a28\" data-element_type=\"widget\" data-e-type=\"widget\" data-widget_type=\"testimonial.default\">\n\t\t\t\t<div class=\"elementor-widget-container\">\n\t\t\t\t\t\t\t<div class=\"elementor-testimonial-wrapper\">\n\t\t\t\t\t\t\t<div class=\"elementor-testimonial-content\">Para m\u00ed, la beca de la Fundaci\u00f3n Concepci\u00f3n Bueno Ziri\u00f3n significa mucho m\u00e1s que un apoyo econ\u00f3mico; es una se\u00f1al de confianza en mi potencial y mis sue\u00f1os. Estoy agradecido por la oportunidad de estudiar en el ITAM, y espero alg\u00fan d\u00eda retribuir este gesto, ayudando a otros a alcanzar sus metas.<\/div>\n\t\t\t\n\t\t\t\t\t\t<div class=\"elementor-testimonial-meta\">\n\t\t\t\t<div class=\"elementor-testimonial-meta-inner\">\n\t\t\t\t\t\n\t\t\t\t\t\t\t\t\t\t<div class=\"elementor-testimonial-details\">\n\t\t\t\t\t\t\t\t\t\t\t\t\t\t<div class=\"elementor-testimonial-name\">Antonio<\/div>\n\t\t\t\t\t\t\t\t\t\t\t\t\t\t\t\t\t\t\t\t\t\t<div class=\"elementor-testimonial-job\">Estudiante de Matem\u00e1ticas y Econom\u00eda<br>IITAM<\/div>\n\t\t\t\t\t\t\t\t\t\t\t\t\t<\/div>\n\t\t\t\t\t\t\t\t\t<\/div>\n\t\t\t<\/div>\n\t\t\t\t\t<\/div>\n\t\t\t\t\t\t<\/div>\n\t\t\t\t<\/div>\n\t\t\t\t\t<\/div>\n\t\t<\/div>\n\t\t\t\t\t<\/div>\n\t\t<\/section>\n\t\t\t\t<\/div>","protected":false},"excerpt":{"rendered":"<p>Testimonios Desde hace tiempo, mi familia y yo enfrentamos problemas econ\u00f3micos complicados. Mi sue\u00f1o siempre fue ser un m\u00e9dico, y [&hellip;]<\/p>\n","protected":false},"author":1,"featured_media":0,"parent":0,"menu_order":0,"comment_status":"closed","ping_status":"closed","template":"elementor_header_footer","meta":{"inline_featured_image":false,"footnotes":""},"class_list":["post-2865","page","type-page","status-publish","hentry"],"yoast_head":"<!-- This site is optimized with the Yoast SEO plugin v27.5 - https:\/\/yoast.com\/product\/yoast-seo-wordpress\/ -->\n<title>Testimonios - Fundacion CBZ<\/title>\n<meta name=\"robots\" content=\"index, follow, max-snippet:-1, max-image-preview:large, max-video-preview:-1\" \/>\n<link rel=\"canonical\" href=\"https:\/\/fundacioncbz.org\/en\/testimonios\/\" \/>\n<meta property=\"og:locale\" content=\"en_US\" \/>\n<meta property=\"og:type\" content=\"article\" \/>\n<meta property=\"og:title\" content=\"Testimonios - Fundacion CBZ\" \/>\n<meta property=\"og:description\" content=\"Testimonios Desde hace tiempo, mi familia y yo enfrentamos problemas econ\u00f3micos complicados. Mi sue\u00f1o siempre fue ser un m\u00e9dico, y [&hellip;]\" \/>\n<meta property=\"og:url\" content=\"https:\/\/fundacioncbz.org\/en\/testimonios\/\" \/>\n<meta property=\"og:site_name\" content=\"Fundacion CBZ\" \/>\n<meta property=\"article:modified_time\" content=\"2024-11-19T17:56:05+00:00\" \/>\n<meta name=\"twitter:card\" content=\"summary_large_image\" \/>\n<meta name=\"twitter:label1\" content=\"Est. reading time\" \/>\n\t<meta name=\"twitter:data1\" content=\"2 minutes\" \/>\n<script type=\"application\/ld+json\" class=\"yoast-schema-graph\">{\"@context\":\"https:\\\/\\\/schema.org\",\"@graph\":[{\"@type\":\"WebPage\",\"@id\":\"https:\\\/\\\/fundacioncbz.org\\\/testimonios\\\/\",\"url\":\"https:\\\/\\\/fundacioncbz.org\\\/testimonios\\\/\",\"name\":\"Testimonios - Fundacion CBZ\",\"isPartOf\":{\"@id\":\"https:\\\/\\\/fundacioncbz.org\\\/#website\"},\"datePublished\":\"2024-11-19T04:41:52+00:00\",\"dateModified\":\"2024-11-19T17:56:05+00:00\",\"breadcrumb\":{\"@id\":\"https:\\\/\\\/fundacioncbz.org\\\/testimonios\\\/#breadcrumb\"},\"inLanguage\":\"en-US\",\"potentialAction\":[{\"@type\":\"ReadAction\",\"target\":[\"https:\\\/\\\/fundacioncbz.org\\\/testimonios\\\/\"]}]},{\"@type\":\"BreadcrumbList\",\"@id\":\"https:\\\/\\\/fundacioncbz.org\\\/testimonios\\\/#breadcrumb\",\"itemListElement\":[{\"@type\":\"ListItem\",\"position\":1,\"name\":\"Home\",\"item\":\"https:\\\/\\\/fundacioncbz.org\\\/\"},{\"@type\":\"ListItem\",\"position\":2,\"name\":\"Testimonios\"}]},{\"@type\":\"WebSite\",\"@id\":\"https:\\\/\\\/fundacioncbz.org\\\/#website\",\"url\":\"https:\\\/\\\/fundacioncbz.org\\\/\",\"name\":\"Fundacion CBZ\",\"description\":\"\",\"potentialAction\":[{\"@type\":\"SearchAction\",\"target\":{\"@type\":\"EntryPoint\",\"urlTemplate\":\"https:\\\/\\\/fundacioncbz.org\\\/?s={search_term_string}\"},\"query-input\":{\"@type\":\"PropertyValueSpecification\",\"valueRequired\":true,\"valueName\":\"search_term_string\"}}],\"inLanguage\":\"en-US\"}]}<\/script>\n<!-- \/ Yoast SEO plugin. -->","yoast_head_json":{"title":"Testimonios - Fundacion CBZ","robots":{"index":"index","follow":"follow","max-snippet":"max-snippet:-1","max-image-preview":"max-image-preview:large","max-video-preview":"max-video-preview:-1"},"canonical":"https:\/\/fundacioncbz.org\/en\/testimonios\/","og_locale":"en_US","og_type":"article","og_title":"Testimonios - Fundacion CBZ","og_description":"Testimonios Desde hace tiempo, mi familia y yo enfrentamos problemas econ\u00f3micos complicados. Mi sue\u00f1o siempre fue ser un m\u00e9dico, y [&hellip;]","og_url":"https:\/\/fundacioncbz.org\/en\/testimonios\/","og_site_name":"Fundacion CBZ","article_modified_time":"2024-11-19T17:56:05+00:00","twitter_card":"summary_large_image","twitter_misc":{"Est. reading time":"2 minutes"},"schema":{"@context":"https:\/\/schema.org","@graph":[{"@type":"WebPage","@id":"https:\/\/fundacioncbz.org\/testimonios\/","url":"https:\/\/fundacioncbz.org\/testimonios\/","name":"Testimonios - Fundacion CBZ","isPartOf":{"@id":"https:\/\/fundacioncbz.org\/#website"},"datePublished":"2024-11-19T04:41:52+00:00","dateModified":"2024-11-19T17:56:05+00:00","breadcrumb":{"@id":"https:\/\/fundacioncbz.org\/testimonios\/#breadcrumb"},"inLanguage":"en-US","potentialAction":[{"@type":"ReadAction","target":["https:\/\/fundacioncbz.org\/testimonios\/"]}]},{"@type":"BreadcrumbList","@id":"https:\/\/fundacioncbz.org\/testimonios\/#breadcrumb","itemListElement":[{"@type":"ListItem","position":1,"name":"Home","item":"https:\/\/fundacioncbz.org\/"},{"@type":"ListItem","position":2,"name":"Testimonios"}]},{"@type":"WebSite","@id":"https:\/\/fundacioncbz.org\/#website","url":"https:\/\/fundacioncbz.org\/","name":"Fundacion CBZ","description":"","potentialAction":[{"@type":"SearchAction","target":{"@type":"EntryPoint","urlTemplate":"https:\/\/fundacioncbz.org\/?s={search_term_string}"},"query-input":{"@type":"PropertyValueSpecification","valueRequired":true,"valueName":"search_term_string"}}],"inLanguage":"en-US"}]}},"_links":{"self":[{"href":"https:\/\/fundacioncbz.org\/en\/wp-json\/wp\/v2\/pages\/2865","targetHints":{"allow":["GET"]}}],"collection":[{"href":"https:\/\/fundacioncbz.org\/en\/wp-json\/wp\/v2\/pages"}],"about":[{"href":"https:\/\/fundacioncbz.org\/en\/wp-json\/wp\/v2\/types\/page"}],"author":[{"embeddable":true,"href":"https:\/\/fundacioncbz.org\/en\/wp-json\/wp\/v2\/users\/1"}],"replies":[{"embeddable":true,"href":"https:\/\/fundacioncbz.org\/en\/wp-json\/wp\/v2\/comments?post=2865"}],"version-history":[{"count":5,"href":"https:\/\/fundacioncbz.org\/en\/wp-json\/wp\/v2\/pages\/2865\/revisions"}],"predecessor-version":[{"id":2893,"href":"https:\/\/fundacioncbz.org\/en\/wp-json\/wp\/v2\/pages\/2865\/revisions\/2893"}],"wp:attachment":[{"href":"https:\/\/fundacioncbz.org\/en\/wp-json\/wp\/v2\/media?parent=2865"}],"curies":[{"name":"wp","href":"https:\/\/api.w.org\/{rel}","templated":true}]}}