{"id":2045,"date":"2022-09-27T11:36:25","date_gmt":"2022-09-27T17:36:25","guid":{"rendered":"https:\/\/fundacioncbz.org\/?page_id=2045"},"modified":"2024-11-19T09:29:12","modified_gmt":"2024-11-19T15:29:12","slug":"register-login","status":"publish","type":"page","link":"https:\/\/fundacioncbz.org\/en\/register-login\/","title":{"rendered":"Register\/Login"},"content":{"rendered":"\t\t<div data-elementor-type=\"wp-page\" data-elementor-id=\"2045\" class=\"elementor elementor-2045\">\n\t\t\t\t\t\t<section class=\"elementor-section elementor-top-section elementor-element elementor-element-5baa7c7 elementor-section-boxed elementor-section-height-default elementor-section-height-default\" data-id=\"5baa7c7\" data-element_type=\"section\" data-e-type=\"section\">\n\t\t\t\t\t\t<div class=\"elementor-container elementor-column-gap-default\">\n\t\t\t\t\t<div class=\"elementor-column elementor-col-100 elementor-top-column elementor-element elementor-element-b9387e5\" data-id=\"b9387e5\" data-element_type=\"column\" data-e-type=\"column\">\n\t\t\t<div class=\"elementor-widget-wrap elementor-element-populated\">\n\t\t\t\t\t\t<div class=\"elementor-element elementor-element-37c8f57 elementor-widget elementor-widget-spacer\" data-id=\"37c8f57\" data-element_type=\"widget\" data-e-type=\"widget\" data-widget_type=\"spacer.default\">\n\t\t\t\t<div class=\"elementor-widget-container\">\n\t\t\t\t\t\t\t<div class=\"elementor-spacer\">\n\t\t\t<div class=\"elementor-spacer-inner\"><\/div>\n\t\t<\/div>\n\t\t\t\t\t\t<\/div>\n\t\t\t\t<\/div>\n\t\t\t\t\t<\/div>\n\t\t<\/div>\n\t\t\t\t\t<\/div>\n\t\t<\/section>\n\t\t\t\t<section class=\"elementor-section elementor-top-section elementor-element elementor-element-1e116a7f elementor-section-full_width elementor-section-stretched elementor-section-height-default elementor-section-height-default\" data-id=\"1e116a7f\" data-element_type=\"section\" data-e-type=\"section\" data-settings=\"{&quot;stretch_section&quot;:&quot;section-stretched&quot;,&quot;background_background&quot;:&quot;classic&quot;}\">\n\t\t\t\t\t\t<div class=\"elementor-container elementor-column-gap-no\">\n\t\t\t\t\t<div class=\"elementor-column elementor-col-100 elementor-top-column elementor-element elementor-element-251515c0\" data-id=\"251515c0\" data-element_type=\"column\" data-e-type=\"column\">\n\t\t\t<div class=\"elementor-widget-wrap elementor-element-populated\">\n\t\t\t\t\t\t<div class=\"elementor-element elementor-element-2372890 elementor-widget elementor-widget-heading\" data-id=\"2372890\" data-element_type=\"widget\" data-e-type=\"widget\" data-widget_type=\"heading.default\">\n\t\t\t\t<div class=\"elementor-widget-container\">\n\t\t\t\t\t<h1 class=\"elementor-heading-title elementor-size-xxl\">Inicio de Sesi\u00f3n<\/h1>\t\t\t\t<\/div>\n\t\t\t\t<\/div>\n\t\t\t\t\t<\/div>\n\t\t<\/div>\n\t\t\t\t\t<\/div>\n\t\t<\/section>\n\t\t\t\t<section class=\"elementor-section elementor-top-section elementor-element elementor-element-61bc70f elementor-section-boxed elementor-section-height-default elementor-section-height-default\" data-id=\"61bc70f\" data-element_type=\"section\" data-e-type=\"section\">\n\t\t\t\t\t\t<div class=\"elementor-container elementor-column-gap-default\">\n\t\t\t\t\t<div class=\"elementor-column elementor-col-50 elementor-top-column elementor-element elementor-element-6b5724c\" data-id=\"6b5724c\" data-element_type=\"column\" data-e-type=\"column\">\n\t\t\t<div class=\"elementor-widget-wrap elementor-element-populated\">\n\t\t\t\t\t\t<div class=\"elementor-element elementor-element-2f14065 elementor-widget elementor-widget-heading\" data-id=\"2f14065\" data-element_type=\"widget\" data-e-type=\"widget\" data-widget_type=\"heading.default\">\n\t\t\t\t<div class=\"elementor-widget-container\">\n\t\t\t\t\t<h2 class=\"elementor-heading-title elementor-size-default\">Si no cuenta con su acceso por favor de registrarse<\/h2>\t\t\t\t<\/div>\n\t\t\t\t<\/div>\n\t\t\t\t<div class=\"elementor-element elementor-element-038727c elementor-widget elementor-widget-spacer\" data-id=\"038727c\" data-element_type=\"widget\" data-e-type=\"widget\" data-widget_type=\"spacer.default\">\n\t\t\t\t<div class=\"elementor-widget-container\">\n\t\t\t\t\t\t\t<div class=\"elementor-spacer\">\n\t\t\t<div class=\"elementor-spacer-inner\"><\/div>\n\t\t<\/div>\n\t\t\t\t\t\t<\/div>\n\t\t\t\t<\/div>\n\t\t\t\t<div class=\"elementor-element elementor-element-bf5690b elementor-widget elementor-widget-shortcode\" data-id=\"bf5690b\" data-element_type=\"widget\" data-e-type=\"widget\" data-widget_type=\"shortcode.default\">\n\t\t\t\t<div class=\"elementor-widget-container\">\n\t\t\t\t\t\t\t<div class=\"elementor-shortcode\"><div class=\"uwp-register-class bsui sdel-240aa5ef\" ><div class=\"uwp_widgets uwp_widget_register\"><div class=\"uwp_page wpbs\">    <div class=\"row\">\n        <div class=\"card mx-auto container-fluid p-0 border-0\" >\n\t\t\t            <div class=\"card-body\">\n\t\t\t\t<h3 class=\"card-title text-center mb-4\">Register<\/h3>\n                <form class=\"uwp-registration-form uwp_form\" method=\"post\" enctype=\"multipart\/form-data\">\n\t\t\t\t\t<div data-argument=\"first_name\" class=\"form-group\" ><label for=\"first_name\" class=\"sr-only\">Nombre <span class=\"text-danger\">*<\/span><\/label><input type=\"text\"  name=\"first_name\"  id=\"first_name\"  placeholder=\"Nombre *\"  title=\"Nombre\"  required  class=\"form-control \" ><\/div><div data-argument=\"last_name\" class=\"form-group\" ><label for=\"last_name\" class=\"sr-only\">Apellidos <span class=\"text-danger\">*<\/span><\/label><input type=\"text\"  name=\"last_name\"  id=\"last_name\"  placeholder=\"Apellidos *\"  title=\"Apellidos\"  required  class=\"form-control \" ><\/div><div data-argument=\"username\" class=\"form-group\" ><label for=\"username\" class=\"sr-only\">Username <span class=\"text-danger\">*<\/span><\/label><input type=\"text\"  name=\"username\"  id=\"username\"  placeholder=\"Username *\"  title=\"Username\"  required  class=\"form-control \" ><\/div><div data-argument=\"email\" class=\"form-group\" ><label for=\"email\" class=\"sr-only\">Correo Electr\u00f3nico <span class=\"text-danger\">*<\/span><\/label><input type=\"email\"  name=\"email\"  id=\"email\"  placeholder=\"Correo Electr\u00f3nico *\"  title=\"Correo Electr\u00f3nico\"  required  class=\"form-control \" ><\/div><div data-argument=\"password\" class=\"form-group uwp-password-wrap\" ><label for=\"password\" class=\"sr-only\">Contrase\u00f1a <span class=\"text-danger\">*<\/span><\/label><div class=\"input-group\" ><input type=\"password\"  name=\"password\"  id=\"password\"  placeholder=\"Contrase\u00f1a *\"  title=\"Contrase\u00f1a\"  required  class=\"form-control \" ><div class=\"input-group-append \" style=\"top:0;right:0;\"><span class=\"input-group-text c-pointer px-3\" \nonclick=\"var $el = jQuery(this).find('i');$el.toggleClass('fa-eye fa-eye-slash');\nvar $eli = jQuery(this).parent().parent().find('input');\nif($el.hasClass('fa-eye'))\n{$eli.attr('type','text');}\nelse{$eli.attr('type','password');}\"\n><i class=\"far fa-fw fa-eye-slash\"><\/i><\/span><\/div><\/div><small class=\"form-text text-muted d-block\">Tu contrase\u00f1a debe de tener m\u00ednimo una may\u00fascula, un n\u00famero y m\u00e1s de 8 caracteres.<\/small><\/div><div data-argument=\"confirm_password\" class=\"form-group uwp-password-wrap\" ><label for=\"confirm_password\" class=\"sr-only\">Confirm Password <span class=\"text-danger\">*<\/span><\/label><div class=\"input-group\" ><input type=\"password\"  name=\"confirm_password\"  id=\"confirm_password\"  placeholder=\"Confirm Password *\"  title=\"Confirm Password\"  required  class=\"form-control \" ><div class=\"input-group-append \" style=\"top:0;right:0;\"><span class=\"input-group-text c-pointer px-3\" \nonclick=\"var $el = jQuery(this).find('i');$el.toggleClass('fa-eye fa-eye-slash');\nvar $eli = jQuery(this).parent().parent().find('input');\nif($el.hasClass('fa-eye'))\n{$eli.attr('type','text');}\nelse{$eli.attr('type','password');}\"\n><i class=\"far fa-fw fa-eye-slash\"><\/i><\/span><\/div><\/div><small class=\"form-text text-muted d-block\">Tu contrase\u00f1a debe de tener m\u00ednimo una may\u00fascula, un n\u00famero y m\u00e1s de 8 caracteres.<\/small><\/div><input type=\"hidden\" name=\"redirect_to\" value=\"https:\/\/fundacioncbz.org\/en\"\/><input type=\"hidden\" name=\"uwp_register_hash\" value=\"b3baf24798f13d1412da3c094\" style=\"display:none !important; visibility:hidden !important;\" \/><input type=\"hidden\" name=\"uwp_register_hp\" value=\"\" style=\"display:none !important; visibility:hidden !important;\" size=\"25\" autocomplete=\"off\" \/><input type=\"hidden\" name=\"uwp_register_nonce\" value=\"63af61f86c\" \/><input type=\"hidden\" name=\"uwp_register_form_id\" value=\"1\"><div class=\"form-group mb-3\">\n            \n            <input type=\"hidden\" id=\"uwp_captcha_register\" name=\"g-recaptcha-response\" class=\"g-recaptcha-response\"><script src=\"https:\/\/www.recaptcha.net\/recaptcha\/api.js?render=6LcarhYiAAAAAK1ribynblBw0OFhWbNH1QqDOyHS\"><\/script>\n                            <script>\n                            if (typeof grecaptcha != 'undefined') {\n                              grecaptcha.ready(function() {\n                                  grecaptcha.execute('6LcarhYiAAAAAK1ribynblBw0OFhWbNH1QqDOyHS', {action: 'uwp_captcha'}).then(function(token) {\n                                     document.getElementById('uwp_captcha_register').value=token;\n                                  });\n                              });\n                              }\n                             <\/script>                    <\/div>\n        <button type=\"submit\"  name=\"uwp_register_submit\"  class=\"btn btn-primary btn-block text-uppercase uwp_register_submit\"  >Create account<\/button>\n                <\/form>\n\n                <div class=\"uwp-footer-links\">\n                    <div class=\"uwp-footer-link\">\n\t\t\t\t\t\t<a href=\"https:\/\/fundacioncbz.org\/en\/login-2\/\" class=\"d-block text-center mt-2 small uwp-login-link\"  rel=\"nofollow\"  >Login<\/a>\n                    <\/div>\n                <\/div>\n\n                <div class=\"form-group text-center mb-0 p-0\">\n\t\t\t\t\t                <\/div>\n\n            <\/div>\n        <\/div>\n    <\/div>\n<\/div><\/div>\t<script>\n        jQuery( document ).ready( function( $ ) {\n\n            $( 'body' ).on( 'keyup', 'input[name=password], input[name=confirm_password]',\n                function( event ) {\n                    var $form = $(this).closest('form');\n                    if( ! $form.hasClass('uwp-login-form') ) {\n                        uwp_checkPasswordStrength(\n                            $form.find('input[name=password]'),\n                            $form.find('input[name=confirm_password]'),\n                            $form.find('#uwp-password-strength'),\n                            $form.find('button[type=\"submit\"], input[type=\"submit\"]'),\n                            ['black', 'listed', 'word']\n                        );\n                    }\n                }\n            );\n        });\n\t<\/script>\n\t<\/div><\/div>\n\t\t\t\t\t\t<\/div>\n\t\t\t\t<\/div>\n\t\t\t\t\t<\/div>\n\t\t<\/div>\n\t\t\t\t<div class=\"elementor-column elementor-col-50 elementor-top-column elementor-element elementor-element-0a5ef99\" data-id=\"0a5ef99\" data-element_type=\"column\" data-e-type=\"column\">\n\t\t\t<div class=\"elementor-widget-wrap elementor-element-populated\">\n\t\t\t\t\t\t<div class=\"elementor-element elementor-element-3c1c458 elementor-widget elementor-widget-heading\" data-id=\"3c1c458\" data-element_type=\"widget\" data-e-type=\"widget\" data-widget_type=\"heading.default\">\n\t\t\t\t<div class=\"elementor-widget-container\">\n\t\t\t\t\t<h2 class=\"elementor-heading-title elementor-size-default\">Si ya cuenta con su acceso por favor de iniciar sesi\u00f3n<\/h2>\t\t\t\t<\/div>\n\t\t\t\t<\/div>\n\t\t\t\t<div class=\"elementor-element elementor-element-a5978a9 elementor-widget elementor-widget-spacer\" data-id=\"a5978a9\" data-element_type=\"widget\" data-e-type=\"widget\" data-widget_type=\"spacer.default\">\n\t\t\t\t<div class=\"elementor-widget-container\">\n\t\t\t\t\t\t\t<div class=\"elementor-spacer\">\n\t\t\t<div class=\"elementor-spacer-inner\"><\/div>\n\t\t<\/div>\n\t\t\t\t\t\t<\/div>\n\t\t\t\t<\/div>\n\t\t\t\t<div class=\"elementor-element elementor-element-e285b07 elementor-widget elementor-widget-shortcode\" data-id=\"e285b07\" data-element_type=\"widget\" data-e-type=\"widget\" data-widget_type=\"shortcode.default\">\n\t\t\t\t<div class=\"elementor-widget-container\">\n\t\t\t\t\t\t\t<div class=\"elementor-shortcode\"><div class=\"uwp-login-class bsui sdel-dc2db578\" ><div class=\"uwp_page\"><div class=\"row\">\n\t<div class=\"card mx-auto container-fluid p-0 border-0\" >\n\t\t\t\t\t<div class=\"card-body\">\n\t\t\t\t<h3 class=\"card-title text-center mb-4\">Login<\/h3>\t\t\t\t<form class=\"uwp-login-form uwp_form\" method=\"post\">\n\n\t\t\t\t\t<div data-argument=\"username\" class=\"form-group\" ><label for=\"username\" class=\"sr-only\">Username or Email <span class=\"text-danger\">*<\/span><\/label><input type=\"text\"  name=\"username\"  id=\"username\"  placeholder=\"Username or Email *\"  title=\"Username or Email\"  required  class=\"form-control \" ><\/div><div data-argument=\"password\" class=\"form-group uwp-password-wrap\" ><label for=\"password\" class=\"sr-only\">Password <span class=\"text-danger\">*<\/span><\/label><div class=\"input-group\" ><input type=\"password\"  name=\"password\"  id=\"password\"  placeholder=\"Password *\"  title=\"Password\"  required  class=\"form-control \" ><div class=\"input-group-append \" style=\"top:0;right:0;\"><span class=\"input-group-text c-pointer px-3\" \nonclick=\"var $el = jQuery(this).find('i');$el.toggleClass('fa-eye fa-eye-slash');\nvar $eli = jQuery(this).parent().parent().find('input');\nif($el.hasClass('fa-eye'))\n{$eli.attr('type','text');}\nelse{$eli.attr('type','password');}\"\n><i class=\"far fa-fw fa-eye-slash\"><\/i><\/span><\/div><\/div><\/div><input type=\"hidden\" name=\"uwp_login_nonce\" value=\"f6d68025c6\" \/><div class=\"form-group mb-3\">\n            \n            <input type=\"hidden\" id=\"uwp_captcha_login\" name=\"g-recaptcha-response\" class=\"g-recaptcha-response\"><script src=\"https:\/\/www.recaptcha.net\/recaptcha\/api.js?render=6LcarhYiAAAAAK1ribynblBw0OFhWbNH1QqDOyHS\"><\/script>\n                            <script>\n                            if (typeof grecaptcha != 'undefined') {\n                              grecaptcha.ready(function() {\n                                  grecaptcha.execute('6LcarhYiAAAAAK1ribynblBw0OFhWbNH1QqDOyHS', {action: 'uwp_captcha'}).then(function(token) {\n                                     document.getElementById('uwp_captcha_login').value=token;\n                                  });\n                              });\n                              }\n                             <\/script>                    <\/div>\n        \n\t\t\t\t\t<div class=\"uwp-remember-me custom-checkbox mb-3\">\n                        <div data-argument=\"remember_me\" class=\"form-group\" ><div class=\"custom-control custom-checkbox\" ><input type=\"hidden\" name=\"remember_me\" value=\"0\" \/><input type=\"checkbox\"  name=\"remember_me\"  id=\"remember_me\"  value=\"forever\"  class=\"form-control custom-control-input c-pointer\" ><label for=\"remember_me\" class=\"custom-control-label\">Remember Me<\/label><\/div><\/div>\t\t\t\t\t<\/div>\n\n\t\t\t\t\t<button type=\"submit\"  name=\"uwp_login_submit\"  class=\"btn btn-primary btn-block text-uppercase uwp_login_submit\"  >Login<\/button>\n\n\t\t\t\t<\/form>\n\n                <div class=\"uwp-footer-links\">\n                    <div class=\"uwp-footer-link d-inline-block\">\n\t\t\t\t\t\t<a href=\"https:\/\/fundacioncbz.org\/en\/register-2\/\" class=\"d-block text-center mt-2 small uwp-register-link\"  rel=\"nofollow\"  >Create account<\/a>\n                    <\/div>\n                    <div class=\"uwp-footer-link float-right\">\n\t\t\t\t\t\t<a href=\"https:\/\/fundacioncbz.org\/en\/forgot\/\" class=\"d-block text-center mt-2 small uwp-forgot-password-link\"  rel=\"nofollow\"  >Forgot password?<\/a>\n                    <\/div>\n                <\/div>\n\n                <div class=\"form-group text-center mb-0 p-0\">\n\t\t\t\t\t                <\/div>\n\n\t\t\t<\/div>\n\t<\/div>\n<\/div>\n<\/div><\/div><\/div>\n\t\t\t\t\t\t<\/div>\n\t\t\t\t<\/div>\n\t\t\t\t\t<\/div>\n\t\t<\/div>\n\t\t\t\t\t<\/div>\n\t\t<\/section>\n\t\t\t\t<\/div>\n\t\t","protected":false},"excerpt":{"rendered":"<p>Inicio de Sesi\u00f3n Si no cuenta con su acceso por favor de registrarse Si ya cuenta con su acceso por [&hellip;]<\/p>\n","protected":false},"author":1,"featured_media":0,"parent":0,"menu_order":0,"comment_status":"closed","ping_status":"closed","template":"elementor_header_footer","meta":{"inline_featured_image":false,"footnotes":""},"class_list":["post-2045","page","type-page","status-publish","hentry"],"yoast_head":"<!-- This site is optimized with the Yoast SEO plugin v27.5 - https:\/\/yoast.com\/product\/yoast-seo-wordpress\/ -->\n<title>Register\/Login - Fundacion CBZ<\/title>\n<meta name=\"robots\" content=\"index, follow, max-snippet:-1, max-image-preview:large, max-video-preview:-1\" \/>\n<link rel=\"canonical\" href=\"https:\/\/fundacioncbz.org\/en\/register-login\/\" \/>\n<meta property=\"og:locale\" content=\"en_US\" \/>\n<meta property=\"og:type\" content=\"article\" \/>\n<meta property=\"og:title\" content=\"Register\/Login - Fundacion CBZ\" \/>\n<meta property=\"og:description\" content=\"Inicio de Sesi\u00f3n Si no cuenta con su acceso por favor de registrarse Si ya cuenta con su acceso por [&hellip;]\" \/>\n<meta property=\"og:url\" content=\"https:\/\/fundacioncbz.org\/en\/register-login\/\" \/>\n<meta property=\"og:site_name\" content=\"Fundacion CBZ\" \/>\n<meta property=\"article:modified_time\" content=\"2024-11-19T15:29:12+00:00\" \/>\n<meta name=\"twitter:card\" content=\"summary_large_image\" \/>\n<meta name=\"twitter:label1\" content=\"Est. reading time\" \/>\n\t<meta name=\"twitter:data1\" content=\"1 minute\" \/>\n<script type=\"application\/ld+json\" class=\"yoast-schema-graph\">{\"@context\":\"https:\\\/\\\/schema.org\",\"@graph\":[{\"@type\":\"WebPage\",\"@id\":\"https:\\\/\\\/fundacioncbz.org\\\/register-login\\\/\",\"url\":\"https:\\\/\\\/fundacioncbz.org\\\/register-login\\\/\",\"name\":\"Register\\\/Login - Fundacion CBZ\",\"isPartOf\":{\"@id\":\"https:\\\/\\\/fundacioncbz.org\\\/#website\"},\"datePublished\":\"2022-09-27T17:36:25+00:00\",\"dateModified\":\"2024-11-19T15:29:12+00:00\",\"breadcrumb\":{\"@id\":\"https:\\\/\\\/fundacioncbz.org\\\/register-login\\\/#breadcrumb\"},\"inLanguage\":\"en-US\",\"potentialAction\":[{\"@type\":\"ReadAction\",\"target\":[\"https:\\\/\\\/fundacioncbz.org\\\/register-login\\\/\"]}]},{\"@type\":\"BreadcrumbList\",\"@id\":\"https:\\\/\\\/fundacioncbz.org\\\/register-login\\\/#breadcrumb\",\"itemListElement\":[{\"@type\":\"ListItem\",\"position\":1,\"name\":\"Home\",\"item\":\"https:\\\/\\\/fundacioncbz.org\\\/\"},{\"@type\":\"ListItem\",\"position\":2,\"name\":\"Register\\\/Login\"}]},{\"@type\":\"WebSite\",\"@id\":\"https:\\\/\\\/fundacioncbz.org\\\/#website\",\"url\":\"https:\\\/\\\/fundacioncbz.org\\\/\",\"name\":\"Fundacion CBZ\",\"description\":\"\",\"potentialAction\":[{\"@type\":\"SearchAction\",\"target\":{\"@type\":\"EntryPoint\",\"urlTemplate\":\"https:\\\/\\\/fundacioncbz.org\\\/?s={search_term_string}\"},\"query-input\":{\"@type\":\"PropertyValueSpecification\",\"valueRequired\":true,\"valueName\":\"search_term_string\"}}],\"inLanguage\":\"en-US\"}]}<\/script>\n<!-- \/ Yoast SEO plugin. -->","yoast_head_json":{"title":"Register\/Login - Fundacion CBZ","robots":{"index":"index","follow":"follow","max-snippet":"max-snippet:-1","max-image-preview":"max-image-preview:large","max-video-preview":"max-video-preview:-1"},"canonical":"https:\/\/fundacioncbz.org\/en\/register-login\/","og_locale":"en_US","og_type":"article","og_title":"Register\/Login - Fundacion CBZ","og_description":"Inicio de Sesi\u00f3n Si no cuenta con su acceso por favor de registrarse Si ya cuenta con su acceso por [&hellip;]","og_url":"https:\/\/fundacioncbz.org\/en\/register-login\/","og_site_name":"Fundacion CBZ","article_modified_time":"2024-11-19T15:29:12+00:00","twitter_card":"summary_large_image","twitter_misc":{"Est. reading time":"1 minute"},"schema":{"@context":"https:\/\/schema.org","@graph":[{"@type":"WebPage","@id":"https:\/\/fundacioncbz.org\/register-login\/","url":"https:\/\/fundacioncbz.org\/register-login\/","name":"Register\/Login - Fundacion CBZ","isPartOf":{"@id":"https:\/\/fundacioncbz.org\/#website"},"datePublished":"2022-09-27T17:36:25+00:00","dateModified":"2024-11-19T15:29:12+00:00","breadcrumb":{"@id":"https:\/\/fundacioncbz.org\/register-login\/#breadcrumb"},"inLanguage":"en-US","potentialAction":[{"@type":"ReadAction","target":["https:\/\/fundacioncbz.org\/register-login\/"]}]},{"@type":"BreadcrumbList","@id":"https:\/\/fundacioncbz.org\/register-login\/#breadcrumb","itemListElement":[{"@type":"ListItem","position":1,"name":"Home","item":"https:\/\/fundacioncbz.org\/"},{"@type":"ListItem","position":2,"name":"Register\/Login"}]},{"@type":"WebSite","@id":"https:\/\/fundacioncbz.org\/#website","url":"https:\/\/fundacioncbz.org\/","name":"Fundacion CBZ","description":"","potentialAction":[{"@type":"SearchAction","target":{"@type":"EntryPoint","urlTemplate":"https:\/\/fundacioncbz.org\/?s={search_term_string}"},"query-input":{"@type":"PropertyValueSpecification","valueRequired":true,"valueName":"search_term_string"}}],"inLanguage":"en-US"}]}},"_links":{"self":[{"href":"https:\/\/fundacioncbz.org\/en\/wp-json\/wp\/v2\/pages\/2045","targetHints":{"allow":["GET"]}}],"collection":[{"href":"https:\/\/fundacioncbz.org\/en\/wp-json\/wp\/v2\/pages"}],"about":[{"href":"https:\/\/fundacioncbz.org\/en\/wp-json\/wp\/v2\/types\/page"}],"author":[{"embeddable":true,"href":"https:\/\/fundacioncbz.org\/en\/wp-json\/wp\/v2\/users\/1"}],"replies":[{"embeddable":true,"href":"https:\/\/fundacioncbz.org\/en\/wp-json\/wp\/v2\/comments?post=2045"}],"version-history":[{"count":5,"href":"https:\/\/fundacioncbz.org\/en\/wp-json\/wp\/v2\/pages\/2045\/revisions"}],"predecessor-version":[{"id":2887,"href":"https:\/\/fundacioncbz.org\/en\/wp-json\/wp\/v2\/pages\/2045\/revisions\/2887"}],"wp:attachment":[{"href":"https:\/\/fundacioncbz.org\/en\/wp-json\/wp\/v2\/media?parent=2045"}],"curies":[{"name":"wp","href":"https:\/\/api.w.org\/{rel}","templated":true}]}}