{"id":1424,"date":"2022-03-10T21:41:04","date_gmt":"2022-03-10T21:41:04","guid":{"rendered":"https:\/\/fundacioncbz.org\/?page_id=1424"},"modified":"2022-03-31T03:20:30","modified_gmt":"2022-03-31T03:20:30","slug":"beca-bachillerato","status":"publish","type":"page","link":"https:\/\/fundacioncbz.org\/en\/beca-bachillerato\/","title":{"rendered":"Beca Bachillerato"},"content":{"rendered":"<div data-elementor-type=\"wp-page\" data-elementor-id=\"1424\" class=\"elementor elementor-1424\">\n\t\t\t\t\t\t<section class=\"elementor-section elementor-top-section elementor-element elementor-element-9380ea1 elementor-section-boxed elementor-section-height-default elementor-section-height-default\" data-id=\"9380ea1\" data-element_type=\"section\" data-e-type=\"section\">\n\t\t\t\t\t\t<div class=\"elementor-container elementor-column-gap-default\">\n\t\t\t\t\t<div class=\"elementor-column elementor-col-100 elementor-top-column elementor-element elementor-element-793c2f2\" data-id=\"793c2f2\" data-element_type=\"column\" data-e-type=\"column\">\n\t\t\t<div class=\"elementor-widget-wrap elementor-element-populated\">\n\t\t\t\t\t\t<div class=\"elementor-element elementor-element-4824e74 elementor-widget elementor-widget-spacer\" data-id=\"4824e74\" data-element_type=\"widget\" data-e-type=\"widget\" data-widget_type=\"spacer.default\">\n\t\t\t\t<div class=\"elementor-widget-container\">\n\t\t\t\t\t\t\t<div class=\"elementor-spacer\">\n\t\t\t<div class=\"elementor-spacer-inner\"><\/div>\n\t\t<\/div>\n\t\t\t\t\t\t<\/div>\n\t\t\t\t<\/div>\n\t\t\t\t\t<\/div>\n\t\t<\/div>\n\t\t\t\t\t<\/div>\n\t\t<\/section>\n\t\t\t\t<section class=\"elementor-section elementor-top-section elementor-element elementor-element-9bbfa95 elementor-section-full_width elementor-section-stretched elementor-section-height-default elementor-section-height-default\" data-id=\"9bbfa95\" data-element_type=\"section\" data-e-type=\"section\" data-settings=\"{&quot;stretch_section&quot;:&quot;section-stretched&quot;,&quot;background_background&quot;:&quot;classic&quot;}\">\n\t\t\t\t\t\t<div class=\"elementor-container elementor-column-gap-no\">\n\t\t\t\t\t<div class=\"elementor-column elementor-col-100 elementor-top-column elementor-element elementor-element-90edc28\" data-id=\"90edc28\" data-element_type=\"column\" data-e-type=\"column\">\n\t\t\t<div class=\"elementor-widget-wrap elementor-element-populated\">\n\t\t\t\t\t\t<div class=\"elementor-element elementor-element-c9cf9df elementor-widget elementor-widget-heading\" data-id=\"c9cf9df\" data-element_type=\"widget\" data-e-type=\"widget\" data-widget_type=\"heading.default\">\n\t\t\t\t<div class=\"elementor-widget-container\">\n\t\t\t\t\t<h1 class=\"elementor-heading-title elementor-size-xxl\">Beca Bachillerato<\/h1>\t\t\t\t<\/div>\n\t\t\t\t<\/div>\n\t\t\t\t\t<\/div>\n\t\t<\/div>\n\t\t\t\t\t<\/div>\n\t\t<\/section>\n\t\t\t\t<section class=\"elementor-section elementor-top-section elementor-element elementor-element-1b9fcf5 elementor-section-full_width elementor-section-stretched elementor-section-height-default elementor-section-height-default\" data-id=\"1b9fcf5\" data-element_type=\"section\" data-e-type=\"section\" data-settings=\"{&quot;stretch_section&quot;:&quot;section-stretched&quot;}\">\n\t\t\t\t\t\t<div class=\"elementor-container elementor-column-gap-no\">\n\t\t\t\t\t<div class=\"elementor-column elementor-col-100 elementor-top-column elementor-element elementor-element-d432e32\" data-id=\"d432e32\" data-element_type=\"column\" data-e-type=\"column\">\n\t\t\t<div class=\"elementor-widget-wrap elementor-element-populated\">\n\t\t\t\t\t\t<div class=\"elementor-element elementor-element-a26e964 elementor-widget elementor-widget-image\" data-id=\"a26e964\" data-element_type=\"widget\" data-e-type=\"widget\" data-widget_type=\"image.default\">\n\t\t\t\t<div class=\"elementor-widget-container\">\n\t\t\t\t\t\t\t\t\t\t\t\t\t\t\t<img fetchpriority=\"high\" decoding=\"async\" width=\"1444\" height=\"468\" src=\"https:\/\/fundacioncbz.org\/wp-content\/uploads\/2022\/03\/KnowHowBecas-e1647535443199.jpg\" class=\"attachment-full size-full wp-image-1488\" alt=\"\" srcset=\"https:\/\/fundacioncbz.org\/wp-content\/uploads\/2022\/03\/KnowHowBecas-e1647535443199.jpg 1444w, https:\/\/fundacioncbz.org\/wp-content\/uploads\/2022\/03\/KnowHowBecas-e1647535443199-300x97.jpg 300w, https:\/\/fundacioncbz.org\/wp-content\/uploads\/2022\/03\/KnowHowBecas-e1647535443199-1024x332.jpg 1024w, https:\/\/fundacioncbz.org\/wp-content\/uploads\/2022\/03\/KnowHowBecas-e1647535443199-768x249.jpg 768w\" sizes=\"(max-width: 1444px) 100vw, 1444px\" \/>\t\t\t\t\t\t\t\t\t\t\t\t\t\t\t<\/div>\n\t\t\t\t<\/div>\n\t\t\t\t\t<\/div>\n\t\t<\/div>\n\t\t\t\t\t<\/div>\n\t\t<\/section>\n\t\t\t\t<section class=\"elementor-section elementor-top-section elementor-element elementor-element-e0b90d8 elementor-section-full_width elementor-section-stretched elementor-section-height-default elementor-section-height-default\" data-id=\"e0b90d8\" data-element_type=\"section\" data-e-type=\"section\" data-settings=\"{&quot;stretch_section&quot;:&quot;section-stretched&quot;}\">\n\t\t\t\t\t\t<div class=\"elementor-container elementor-column-gap-no\">\n\t\t\t\t\t<div class=\"elementor-column elementor-col-33 elementor-top-column elementor-element elementor-element-a1c5273\" data-id=\"a1c5273\" data-element_type=\"column\" data-e-type=\"column\">\n\t\t\t<div class=\"elementor-widget-wrap elementor-element-populated\">\n\t\t\t\t\t\t<div class=\"elementor-element elementor-element-7db2e99 elementor-widget elementor-widget-text-editor\" data-id=\"7db2e99\" data-element_type=\"widget\" data-e-type=\"widget\" data-widget_type=\"text-editor.default\">\n\t\t\t\t<div class=\"elementor-widget-container\">\n\t\t\t\t\t\t\t\t\t<p>Socioeconomic Study<\/p>\t\t\t\t\t\t\t\t<\/div>\n\t\t\t\t<\/div>\n\t\t\t\t<div class=\"elementor-element elementor-element-c8a6c93 elementor-button-info elementor-align-center elementor-widget elementor-widget-button\" data-id=\"c8a6c93\" data-element_type=\"widget\" data-e-type=\"widget\" data-widget_type=\"button.default\">\n\t\t\t\t<div class=\"elementor-widget-container\">\n\t\t\t\t\t\t\t\t\t<div class=\"elementor-button-wrapper\">\n\t\t\t\t\t<a class=\"elementor-button elementor-button-link elementor-size-md\" href=\"https:\/\/fundacioncbz.org\/wp-content\/uploads\/2022\/03\/Formato-de-Estudio-Socioeconomico.pdf\" target=\"_blank\" rel=\"nofollow\">\n\t\t\t\t\t\t<span class=\"elementor-button-content-wrapper\">\n\t\t\t\t\t\t<span class=\"elementor-button-icon\">\n\t\t\t\t<i aria-hidden=\"true\" class=\"fas fa-download\"><\/i>\t\t\t<\/span>\n\t\t\t\t\t\t\t\t\t<span class=\"elementor-button-text\">Download<\/span>\n\t\t\t\t\t<\/span>\n\t\t\t\t\t<\/a>\n\t\t\t\t<\/div>\n\t\t\t\t\t\t\t\t<\/div>\n\t\t\t\t<\/div>\n\t\t\t\t\t<\/div>\n\t\t<\/div>\n\t\t\t\t<div class=\"elementor-column elementor-col-33 elementor-top-column elementor-element elementor-element-057b1fc\" data-id=\"057b1fc\" data-element_type=\"column\" data-e-type=\"column\">\n\t\t\t<div class=\"elementor-widget-wrap elementor-element-populated\">\n\t\t\t\t\t\t<div class=\"elementor-element elementor-element-1941740 elementor-widget elementor-widget-text-editor\" data-id=\"1941740\" data-element_type=\"widget\" data-e-type=\"widget\" data-widget_type=\"text-editor.default\">\n\t\t\t\t<div class=\"elementor-widget-container\">\n\t\t\t\t\t\t\t\t\t<p>Declaration and Ratification of Personal Data<\/p>\t\t\t\t\t\t\t\t<\/div>\n\t\t\t\t<\/div>\n\t\t\t\t<div class=\"elementor-element elementor-element-0a9fdc1 elementor-button-info elementor-align-center elementor-widget elementor-widget-button\" data-id=\"0a9fdc1\" data-element_type=\"widget\" data-e-type=\"widget\" data-widget_type=\"button.default\">\n\t\t\t\t<div class=\"elementor-widget-container\">\n\t\t\t\t\t\t\t\t\t<div class=\"elementor-button-wrapper\">\n\t\t\t\t\t<a class=\"elementor-button elementor-button-link elementor-size-md\" href=\"https:\/\/fundacioncbz.org\/wp-content\/uploads\/2022\/03\/Declaracion-y-Ratificacion-de-datos.pdf\" target=\"_blank\" rel=\"nofollow\">\n\t\t\t\t\t\t<span class=\"elementor-button-content-wrapper\">\n\t\t\t\t\t\t<span class=\"elementor-button-icon\">\n\t\t\t\t<i aria-hidden=\"true\" class=\"fas fa-download\"><\/i>\t\t\t<\/span>\n\t\t\t\t\t\t\t\t\t<span class=\"elementor-button-text\">Download<\/span>\n\t\t\t\t\t<\/span>\n\t\t\t\t\t<\/a>\n\t\t\t\t<\/div>\n\t\t\t\t\t\t\t\t<\/div>\n\t\t\t\t<\/div>\n\t\t\t\t\t<\/div>\n\t\t<\/div>\n\t\t\t\t<div class=\"elementor-column elementor-col-33 elementor-top-column elementor-element elementor-element-3c417f7\" data-id=\"3c417f7\" data-element_type=\"column\" data-e-type=\"column\">\n\t\t\t<div class=\"elementor-widget-wrap elementor-element-populated\">\n\t\t\t\t\t\t<div class=\"elementor-element elementor-element-ec27440 elementor-widget elementor-widget-text-editor\" data-id=\"ec27440\" data-element_type=\"widget\" data-e-type=\"widget\" data-widget_type=\"text-editor.default\">\n\t\t\t\t<div class=\"elementor-widget-container\">\n\t\t\t\t\t\t\t\t\t<p>Solicitud de Beca Bachillerato<\/p>\t\t\t\t\t\t\t\t<\/div>\n\t\t\t\t<\/div>\n\t\t\t\t<div class=\"elementor-element elementor-element-5ac56ec elementor-button-info elementor-align-center elementor-widget elementor-widget-button\" data-id=\"5ac56ec\" data-element_type=\"widget\" data-e-type=\"widget\" data-widget_type=\"button.default\">\n\t\t\t\t<div class=\"elementor-widget-container\">\n\t\t\t\t\t\t\t\t\t<div class=\"elementor-button-wrapper\">\n\t\t\t\t\t<a class=\"elementor-button elementor-button-link elementor-size-md\" href=\"https:\/\/fundacioncbz.org\/wp-content\/uploads\/2022\/03\/Solicitud-de-Beca-Bachillerato.pdf\" target=\"_blank\" rel=\"nofollow\">\n\t\t\t\t\t\t<span class=\"elementor-button-content-wrapper\">\n\t\t\t\t\t\t<span class=\"elementor-button-icon\">\n\t\t\t\t<i aria-hidden=\"true\" class=\"fas fa-download\"><\/i>\t\t\t<\/span>\n\t\t\t\t\t\t\t\t\t<span class=\"elementor-button-text\">Download<\/span>\n\t\t\t\t\t<\/span>\n\t\t\t\t\t<\/a>\n\t\t\t\t<\/div>\n\t\t\t\t\t\t\t\t<\/div>\n\t\t\t\t<\/div>\n\t\t\t\t\t<\/div>\n\t\t<\/div>\n\t\t\t\t\t<\/div>\n\t\t<\/section>\n\t\t\t\t<section class=\"elementor-section elementor-top-section elementor-element elementor-element-b3a1cf7 elementor-section-boxed elementor-section-height-default elementor-section-height-default\" data-id=\"b3a1cf7\" data-element_type=\"section\" data-e-type=\"section\">\n\t\t\t\t\t\t<div class=\"elementor-container elementor-column-gap-default\">\n\t\t\t\t\t<div class=\"elementor-column elementor-col-100 elementor-top-column elementor-element elementor-element-e1f5172\" data-id=\"e1f5172\" data-element_type=\"column\" data-e-type=\"column\">\n\t\t\t<div class=\"elementor-widget-wrap elementor-element-populated\">\n\t\t\t\t\t\t<div class=\"elementor-element elementor-element-020daaa elementor-widget elementor-widget-spacer\" data-id=\"020daaa\" data-element_type=\"widget\" data-e-type=\"widget\" data-widget_type=\"spacer.default\">\n\t\t\t\t<div class=\"elementor-widget-container\">\n\t\t\t\t\t\t\t<div class=\"elementor-spacer\">\n\t\t\t<div class=\"elementor-spacer-inner\"><\/div>\n\t\t<\/div>\n\t\t\t\t\t\t<\/div>\n\t\t\t\t<\/div>\n\t\t\t\t\t<\/div>\n\t\t<\/div>\n\t\t\t\t\t<\/div>\n\t\t<\/section>\n\t\t\t\t<\/div>","protected":false},"excerpt":{"rendered":"<p>Beca Bachillerato Formato de Estudio Socioecon\u00f3mico Descarga Declaraci\u00f3n y Ratificaci\u00f3n de Datos Descarga Solicitud de Beca Bachillerato Descarga<\/p>","protected":false},"author":1,"featured_media":0,"parent":0,"menu_order":0,"comment_status":"closed","ping_status":"closed","template":"elementor_header_footer","meta":{"inline_featured_image":false,"footnotes":""},"class_list":["post-1424","page","type-page","status-publish","hentry"],"yoast_head":"<!-- This site is optimized with the Yoast SEO plugin v27.5 - https:\/\/yoast.com\/product\/yoast-seo-wordpress\/ -->\n<title>Beca Bachillerato - Fundacion CBZ<\/title>\n<meta name=\"robots\" content=\"index, follow, max-snippet:-1, max-image-preview:large, max-video-preview:-1\" \/>\n<link rel=\"canonical\" href=\"https:\/\/fundacioncbz.org\/en\/beca-bachillerato\/\" \/>\n<meta property=\"og:locale\" content=\"en_US\" \/>\n<meta property=\"og:type\" content=\"article\" \/>\n<meta property=\"og:title\" content=\"Beca Bachillerato - Fundacion CBZ\" \/>\n<meta property=\"og:description\" content=\"Beca Bachillerato Formato de Estudio Socioecon\u00f3mico Descarga Declaraci\u00f3n y Ratificaci\u00f3n de Datos Descarga Solicitud de Beca Bachillerato Descarga\" \/>\n<meta property=\"og:url\" content=\"https:\/\/fundacioncbz.org\/en\/beca-bachillerato\/\" \/>\n<meta property=\"og:site_name\" content=\"Fundacion CBZ\" \/>\n<meta property=\"article:modified_time\" content=\"2022-03-31T03:20:30+00:00\" \/>\n<meta property=\"og:image\" content=\"https:\/\/fundacioncbz.org\/wp-content\/uploads\/2022\/03\/KnowHowBecas-e1647535443199.jpg\" \/>\n<meta name=\"twitter:card\" content=\"summary_large_image\" \/>\n<meta name=\"twitter:label1\" content=\"Est. reading time\" \/>\n\t<meta name=\"twitter:data1\" content=\"1 minute\" \/>\n<script type=\"application\/ld+json\" class=\"yoast-schema-graph\">{\"@context\":\"https:\\\/\\\/schema.org\",\"@graph\":[{\"@type\":\"WebPage\",\"@id\":\"https:\\\/\\\/fundacioncbz.org\\\/beca-bachillerato\\\/\",\"url\":\"https:\\\/\\\/fundacioncbz.org\\\/beca-bachillerato\\\/\",\"name\":\"Beca Bachillerato - Fundacion CBZ\",\"isPartOf\":{\"@id\":\"https:\\\/\\\/fundacioncbz.org\\\/#website\"},\"primaryImageOfPage\":{\"@id\":\"https:\\\/\\\/fundacioncbz.org\\\/beca-bachillerato\\\/#primaryimage\"},\"image\":{\"@id\":\"https:\\\/\\\/fundacioncbz.org\\\/beca-bachillerato\\\/#primaryimage\"},\"thumbnailUrl\":\"https:\\\/\\\/fundacioncbz.org\\\/wp-content\\\/uploads\\\/2022\\\/03\\\/KnowHowBecas-e1647535443199.jpg\",\"datePublished\":\"2022-03-10T21:41:04+00:00\",\"dateModified\":\"2022-03-31T03:20:30+00:00\",\"breadcrumb\":{\"@id\":\"https:\\\/\\\/fundacioncbz.org\\\/beca-bachillerato\\\/#breadcrumb\"},\"inLanguage\":\"en-US\",\"potentialAction\":[{\"@type\":\"ReadAction\",\"target\":[\"https:\\\/\\\/fundacioncbz.org\\\/beca-bachillerato\\\/\"]}]},{\"@type\":\"ImageObject\",\"inLanguage\":\"en-US\",\"@id\":\"https:\\\/\\\/fundacioncbz.org\\\/beca-bachillerato\\\/#primaryimage\",\"url\":\"https:\\\/\\\/fundacioncbz.org\\\/wp-content\\\/uploads\\\/2022\\\/03\\\/KnowHowBecas-e1647535443199.jpg\",\"contentUrl\":\"https:\\\/\\\/fundacioncbz.org\\\/wp-content\\\/uploads\\\/2022\\\/03\\\/KnowHowBecas-e1647535443199.jpg\"},{\"@type\":\"BreadcrumbList\",\"@id\":\"https:\\\/\\\/fundacioncbz.org\\\/beca-bachillerato\\\/#breadcrumb\",\"itemListElement\":[{\"@type\":\"ListItem\",\"position\":1,\"name\":\"Home\",\"item\":\"https:\\\/\\\/fundacioncbz.org\\\/\"},{\"@type\":\"ListItem\",\"position\":2,\"name\":\"Beca Bachillerato\"}]},{\"@type\":\"WebSite\",\"@id\":\"https:\\\/\\\/fundacioncbz.org\\\/#website\",\"url\":\"https:\\\/\\\/fundacioncbz.org\\\/\",\"name\":\"Fundacion CBZ\",\"description\":\"\",\"potentialAction\":[{\"@type\":\"SearchAction\",\"target\":{\"@type\":\"EntryPoint\",\"urlTemplate\":\"https:\\\/\\\/fundacioncbz.org\\\/?s={search_term_string}\"},\"query-input\":{\"@type\":\"PropertyValueSpecification\",\"valueRequired\":true,\"valueName\":\"search_term_string\"}}],\"inLanguage\":\"en-US\"}]}<\/script>\n<!-- \/ Yoast SEO plugin. -->","yoast_head_json":{"title":"Beca Bachillerato - Fundacion CBZ","robots":{"index":"index","follow":"follow","max-snippet":"max-snippet:-1","max-image-preview":"max-image-preview:large","max-video-preview":"max-video-preview:-1"},"canonical":"https:\/\/fundacioncbz.org\/en\/beca-bachillerato\/","og_locale":"en_US","og_type":"article","og_title":"Beca Bachillerato - Fundacion CBZ","og_description":"Beca Bachillerato Formato de Estudio Socioecon\u00f3mico Descarga Declaraci\u00f3n y Ratificaci\u00f3n de Datos Descarga Solicitud de Beca Bachillerato Descarga","og_url":"https:\/\/fundacioncbz.org\/en\/beca-bachillerato\/","og_site_name":"Fundacion CBZ","article_modified_time":"2022-03-31T03:20:30+00:00","og_image":[{"url":"https:\/\/fundacioncbz.org\/wp-content\/uploads\/2022\/03\/KnowHowBecas-e1647535443199.jpg","type":"","width":"","height":""}],"twitter_card":"summary_large_image","twitter_misc":{"Est. reading time":"1 minute"},"schema":{"@context":"https:\/\/schema.org","@graph":[{"@type":"WebPage","@id":"https:\/\/fundacioncbz.org\/beca-bachillerato\/","url":"https:\/\/fundacioncbz.org\/beca-bachillerato\/","name":"Beca Bachillerato - Fundacion CBZ","isPartOf":{"@id":"https:\/\/fundacioncbz.org\/#website"},"primaryImageOfPage":{"@id":"https:\/\/fundacioncbz.org\/beca-bachillerato\/#primaryimage"},"image":{"@id":"https:\/\/fundacioncbz.org\/beca-bachillerato\/#primaryimage"},"thumbnailUrl":"https:\/\/fundacioncbz.org\/wp-content\/uploads\/2022\/03\/KnowHowBecas-e1647535443199.jpg","datePublished":"2022-03-10T21:41:04+00:00","dateModified":"2022-03-31T03:20:30+00:00","breadcrumb":{"@id":"https:\/\/fundacioncbz.org\/beca-bachillerato\/#breadcrumb"},"inLanguage":"en-US","potentialAction":[{"@type":"ReadAction","target":["https:\/\/fundacioncbz.org\/beca-bachillerato\/"]}]},{"@type":"ImageObject","inLanguage":"en-US","@id":"https:\/\/fundacioncbz.org\/beca-bachillerato\/#primaryimage","url":"https:\/\/fundacioncbz.org\/wp-content\/uploads\/2022\/03\/KnowHowBecas-e1647535443199.jpg","contentUrl":"https:\/\/fundacioncbz.org\/wp-content\/uploads\/2022\/03\/KnowHowBecas-e1647535443199.jpg"},{"@type":"BreadcrumbList","@id":"https:\/\/fundacioncbz.org\/beca-bachillerato\/#breadcrumb","itemListElement":[{"@type":"ListItem","position":1,"name":"Home","item":"https:\/\/fundacioncbz.org\/"},{"@type":"ListItem","position":2,"name":"Beca Bachillerato"}]},{"@type":"WebSite","@id":"https:\/\/fundacioncbz.org\/#website","url":"https:\/\/fundacioncbz.org\/","name":"Fundacion CBZ","description":"","potentialAction":[{"@type":"SearchAction","target":{"@type":"EntryPoint","urlTemplate":"https:\/\/fundacioncbz.org\/?s={search_term_string}"},"query-input":{"@type":"PropertyValueSpecification","valueRequired":true,"valueName":"search_term_string"}}],"inLanguage":"en-US"}]}},"_links":{"self":[{"href":"https:\/\/fundacioncbz.org\/en\/wp-json\/wp\/v2\/pages\/1424","targetHints":{"allow":["GET"]}}],"collection":[{"href":"https:\/\/fundacioncbz.org\/en\/wp-json\/wp\/v2\/pages"}],"about":[{"href":"https:\/\/fundacioncbz.org\/en\/wp-json\/wp\/v2\/types\/page"}],"author":[{"embeddable":true,"href":"https:\/\/fundacioncbz.org\/en\/wp-json\/wp\/v2\/users\/1"}],"replies":[{"embeddable":true,"href":"https:\/\/fundacioncbz.org\/en\/wp-json\/wp\/v2\/comments?post=1424"}],"version-history":[{"count":5,"href":"https:\/\/fundacioncbz.org\/en\/wp-json\/wp\/v2\/pages\/1424\/revisions"}],"predecessor-version":[{"id":1581,"href":"https:\/\/fundacioncbz.org\/en\/wp-json\/wp\/v2\/pages\/1424\/revisions\/1581"}],"wp:attachment":[{"href":"https:\/\/fundacioncbz.org\/en\/wp-json\/wp\/v2\/media?parent=1424"}],"curies":[{"name":"wp","href":"https:\/\/api.w.org\/{rel}","templated":true}]}}